{"id":1390,"date":"2020-12-24T19:20:23","date_gmt":"2020-12-24T19:20:23","guid":{"rendered":"https:\/\/lacteostrici.com\/?page_id=1390"},"modified":"2025-09-04T18:14:45","modified_gmt":"2025-09-04T18:14:45","slug":"queso-mozzarella","status":"publish","type":"page","link":"https:\/\/lacteostrici.com\/?page_id=1390","title":{"rendered":"Queso Mozzarella"},"content":{"rendered":"<p>[vc_row][vc_column]<div class=\"wpisset_es_banner2 wpisset_es_banner2-334635487\" ><div class=\"wpisset-es-banner2\"><div class=\"wpisset-es-banner2-left\"><div class=\"wpisset-es-banner2-header\"><h2 class=\"wpisset-es-banner2-header-title\">Queso Mozzarella<\/h2><span class=\"wpisset-es-banner2-header-desc\">Un excelente fundido y formacion de hebras<\/span><\/div><div class=\"wpisset-es-banner2-content\"><p>Este es un queso fresco de pasta hilada que funde a los 60\u00b0c con la caracter\u00edstica producci\u00f3n de hebras al ser estirado. su presentaci\u00f3n es molido empacado en bolsas grado alimenticio, su color es blanco amarillento y debido a su cantidad de humedad y grasa muestra una excelente capacidad de fundido que lo vuelve ideal para la elaboraci\u00f3n de pizzas en horno el\u00e9ctrico y de piedra, as\u00ed como en la gastronom\u00eda mexicana para elaborar quesadillas, enchiladas, queso fundido, s\u00e1ndwiches, chiles rellenos, pizza, entre otros.<\/p>\n<\/div><a href=\"https:\/\/lacteostrici.com\/?page_id=1491\" class=\"wpisset-button\" title=\"Informaci\u00f3n nutricional Queso Mozarella\"><span>Tabla Nutrimental<\/span><\/a><\/div><div class=\"wpisset-es-banner2-right\"><div class=\"wpisset-es-banner2-img\"><div class=\"wpisset-es-banner2-img-wrap\"><img decoding=\"async\" alt=\"\" src=\"https:\/\/lacteostrici.com\/wp-content\/uploads\/2020\/12\/Mezqui-6-1.jpg\"><span class=\"wpisset-es-banner2-img-desc\"><\/span><\/div><\/div><\/div><\/div><\/div><svg class=\"wpssiet-es-cs\"><style><\/style><\/svg>[\/vc_column][\/vc_row]<\/p>\n","protected":false},"excerpt":{"rendered":"<p>[vc_row][vc_column][\/vc_column][\/vc_row]<\/p>\n","protected":false},"author":1,"featured_media":0,"parent":0,"menu_order":0,"comment_status":"closed","ping_status":"closed","template":"","meta":{"_joinchat":[],"footnotes":""},"class_list":["post-1390","page","type-page","status-publish","hentry","wpisset-post"],"yoast_head":"<!-- This site is optimized with the Yoast SEO plugin v25.3.1 - https:\/\/yoast.com\/wordpress\/plugins\/seo\/ -->\r\n<title>Queso Mozzarella - Lacteos Trici<\/title>\r\n<meta name=\"robots\" content=\"index, follow, max-snippet:-1, max-image-preview:large, max-video-preview:-1\" \/>\r\n<link rel=\"canonical\" href=\"https:\/\/lacteostrici.com\/?page_id=1390\" \/>\r\n<meta property=\"og:locale\" content=\"es_ES\" \/>\r\n<meta property=\"og:type\" content=\"article\" \/>\r\n<meta property=\"og:title\" content=\"Queso Mozzarella - Lacteos Trici\" \/>\r\n<meta property=\"og:description\" content=\"[vc_row][vc_column][\/vc_column][\/vc_row]\" \/>\r\n<meta property=\"og:url\" content=\"https:\/\/lacteostrici.com\/?page_id=1390\" \/>\r\n<meta property=\"og:site_name\" content=\"Lacteos Trici\" \/>\r\n<meta property=\"article:modified_time\" content=\"2025-09-04T18:14:45+00:00\" \/>\r\n<meta name=\"twitter:card\" content=\"summary_large_image\" \/>\r\n<meta name=\"twitter:label1\" content=\"Tiempo de lectura\" \/>\n\t<meta name=\"twitter:data1\" content=\"1 minuto\" \/>\r\n<script type=\"application\/ld+json\" class=\"yoast-schema-graph\">{\"@context\":\"https:\/\/schema.org\",\"@graph\":[{\"@type\":\"WebPage\",\"@id\":\"https:\/\/lacteostrici.com\/?page_id=1390\",\"url\":\"https:\/\/lacteostrici.com\/?page_id=1390\",\"name\":\"Queso Mozzarella - Lacteos Trici\",\"isPartOf\":{\"@id\":\"https:\/\/lacteostrici.com\/#website\"},\"datePublished\":\"2020-12-24T19:20:23+00:00\",\"dateModified\":\"2025-09-04T18:14:45+00:00\",\"breadcrumb\":{\"@id\":\"https:\/\/lacteostrici.com\/?page_id=1390#breadcrumb\"},\"inLanguage\":\"es\",\"potentialAction\":[{\"@type\":\"ReadAction\",\"target\":[\"https:\/\/lacteostrici.com\/?page_id=1390\"]}]},{\"@type\":\"BreadcrumbList\",\"@id\":\"https:\/\/lacteostrici.com\/?page_id=1390#breadcrumb\",\"itemListElement\":[{\"@type\":\"ListItem\",\"position\":1,\"name\":\"Home\",\"item\":\"https:\/\/lacteostrici.com\/\"},{\"@type\":\"ListItem\",\"position\":2,\"name\":\"Queso Mozzarella\"}]},{\"@type\":\"WebSite\",\"@id\":\"https:\/\/lacteostrici.com\/#website\",\"url\":\"https:\/\/lacteostrici.com\/\",\"name\":\"Lacteos Trici\",\"description\":\"2021\",\"publisher\":{\"@id\":\"https:\/\/lacteostrici.com\/#organization\"},\"potentialAction\":[{\"@type\":\"SearchAction\",\"target\":{\"@type\":\"EntryPoint\",\"urlTemplate\":\"https:\/\/lacteostrici.com\/?s={search_term_string}\"},\"query-input\":{\"@type\":\"PropertyValueSpecification\",\"valueRequired\":true,\"valueName\":\"search_term_string\"}}],\"inLanguage\":\"es\"},{\"@type\":\"Organization\",\"@id\":\"https:\/\/lacteostrici.com\/#organization\",\"name\":\"Lacteos Trici\",\"url\":\"https:\/\/lacteostrici.com\/\",\"logo\":{\"@type\":\"ImageObject\",\"inLanguage\":\"es\",\"@id\":\"https:\/\/lacteostrici.com\/#\/schema\/logo\/image\/\",\"url\":\"https:\/\/lacteostrici.com\/wp-content\/uploads\/2020\/12\/cropped-trici-logo.jpg\",\"contentUrl\":\"https:\/\/lacteostrici.com\/wp-content\/uploads\/2020\/12\/cropped-trici-logo.jpg\",\"width\":498,\"height\":576,\"caption\":\"Lacteos Trici\"},\"image\":{\"@id\":\"https:\/\/lacteostrici.com\/#\/schema\/logo\/image\/\"}}]}<\/script>\r\n<!-- \/ Yoast SEO plugin. -->","yoast_head_json":{"title":"Queso Mozzarella - Lacteos Trici","robots":{"index":"index","follow":"follow","max-snippet":"max-snippet:-1","max-image-preview":"max-image-preview:large","max-video-preview":"max-video-preview:-1"},"canonical":"https:\/\/lacteostrici.com\/?page_id=1390","og_locale":"es_ES","og_type":"article","og_title":"Queso Mozzarella - Lacteos Trici","og_description":"[vc_row][vc_column][\/vc_column][\/vc_row]","og_url":"https:\/\/lacteostrici.com\/?page_id=1390","og_site_name":"Lacteos Trici","article_modified_time":"2025-09-04T18:14:45+00:00","twitter_card":"summary_large_image","twitter_misc":{"Tiempo de lectura":"1 minuto"},"schema":{"@context":"https:\/\/schema.org","@graph":[{"@type":"WebPage","@id":"https:\/\/lacteostrici.com\/?page_id=1390","url":"https:\/\/lacteostrici.com\/?page_id=1390","name":"Queso Mozzarella - Lacteos Trici","isPartOf":{"@id":"https:\/\/lacteostrici.com\/#website"},"datePublished":"2020-12-24T19:20:23+00:00","dateModified":"2025-09-04T18:14:45+00:00","breadcrumb":{"@id":"https:\/\/lacteostrici.com\/?page_id=1390#breadcrumb"},"inLanguage":"es","potentialAction":[{"@type":"ReadAction","target":["https:\/\/lacteostrici.com\/?page_id=1390"]}]},{"@type":"BreadcrumbList","@id":"https:\/\/lacteostrici.com\/?page_id=1390#breadcrumb","itemListElement":[{"@type":"ListItem","position":1,"name":"Home","item":"https:\/\/lacteostrici.com\/"},{"@type":"ListItem","position":2,"name":"Queso Mozzarella"}]},{"@type":"WebSite","@id":"https:\/\/lacteostrici.com\/#website","url":"https:\/\/lacteostrici.com\/","name":"Lacteos Trici","description":"2021","publisher":{"@id":"https:\/\/lacteostrici.com\/#organization"},"potentialAction":[{"@type":"SearchAction","target":{"@type":"EntryPoint","urlTemplate":"https:\/\/lacteostrici.com\/?s={search_term_string}"},"query-input":{"@type":"PropertyValueSpecification","valueRequired":true,"valueName":"search_term_string"}}],"inLanguage":"es"},{"@type":"Organization","@id":"https:\/\/lacteostrici.com\/#organization","name":"Lacteos Trici","url":"https:\/\/lacteostrici.com\/","logo":{"@type":"ImageObject","inLanguage":"es","@id":"https:\/\/lacteostrici.com\/#\/schema\/logo\/image\/","url":"https:\/\/lacteostrici.com\/wp-content\/uploads\/2020\/12\/cropped-trici-logo.jpg","contentUrl":"https:\/\/lacteostrici.com\/wp-content\/uploads\/2020\/12\/cropped-trici-logo.jpg","width":498,"height":576,"caption":"Lacteos Trici"},"image":{"@id":"https:\/\/lacteostrici.com\/#\/schema\/logo\/image\/"}}]}},"_links":{"self":[{"href":"https:\/\/lacteostrici.com\/index.php?rest_route=\/wp\/v2\/pages\/1390","targetHints":{"allow":["GET"]}}],"collection":[{"href":"https:\/\/lacteostrici.com\/index.php?rest_route=\/wp\/v2\/pages"}],"about":[{"href":"https:\/\/lacteostrici.com\/index.php?rest_route=\/wp\/v2\/types\/page"}],"author":[{"embeddable":true,"href":"https:\/\/lacteostrici.com\/index.php?rest_route=\/wp\/v2\/users\/1"}],"replies":[{"embeddable":true,"href":"https:\/\/lacteostrici.com\/index.php?rest_route=%2Fwp%2Fv2%2Fcomments&post=1390"}],"version-history":[{"count":6,"href":"https:\/\/lacteostrici.com\/index.php?rest_route=\/wp\/v2\/pages\/1390\/revisions"}],"predecessor-version":[{"id":1638,"href":"https:\/\/lacteostrici.com\/index.php?rest_route=\/wp\/v2\/pages\/1390\/revisions\/1638"}],"wp:attachment":[{"href":"https:\/\/lacteostrici.com\/index.php?rest_route=%2Fwp%2Fv2%2Fmedia&parent=1390"}],"curies":[{"name":"wp","href":"https:\/\/api.w.org\/{rel}","templated":true}]}}