{"id":1385,"date":"2020-12-24T19:05:21","date_gmt":"2020-12-24T19:05:21","guid":{"rendered":"https:\/\/lacteostrici.com\/?page_id=1385"},"modified":"2025-09-04T18:16:33","modified_gmt":"2025-09-04T18:16:33","slug":"queso-chihuahua","status":"publish","type":"page","link":"https:\/\/lacteostrici.com\/?page_id=1385","title":{"rendered":"Queso Chihuahua"},"content":{"rendered":"<p>[vc_row][vc_column][\/vc_column][\/vc_row][vc_row][vc_column]<div class=\"wpisset_es_banner2 wpisset_es_banner2-1298313179\" ><div class=\"wpisset-es-banner2\"><div class=\"wpisset-es-banner2-left\"><div class=\"wpisset-es-banner2-header\"><h2 class=\"wpisset-es-banner2-header-title\">Queso Chihuahua<\/h2><span class=\"wpisset-es-banner2-header-desc\">Rebana facil, funde y gratina de maravilla<\/span><\/div><div class=\"wpisset-es-banner2-content\"><p>El queso chihuahua es un queso de pasta semidura, prensada, tajable y madurada, elaborado con leche entera de vaca, de color amarillo paja a dorado seg\u00fan su maduraci\u00f3n, de gusto cremoso y con un sabor suave a mantequilla. la presentaci\u00f3n final, aunque con diferentes dimensiones, tiene la forma de un cilindro aplanado y con una corteza revestida de cera. este queso se rebana f\u00e1cilmente, funde y gratina de maravilla, por lo que es utilizado para la elaboraci\u00f3n de queso fundido o gratinado sobre chilaquiles, molletes, lasa\u00f1as, etc.<\/p>\n<\/div><a href=\"https:\/\/lacteostrici.com\/?page_id=1484\" class=\"wpisset-button\" title=\"Informaci\u00f3n Nutricional Queso Chihuahua\"><span>Tabla Nutrimental<\/span><\/a><\/div><div class=\"wpisset-es-banner2-right\"><div class=\"wpisset-es-banner2-img\"><div class=\"wpisset-es-banner2-img-wrap\"><img decoding=\"async\" alt=\"\" src=\"https:\/\/lacteostrici.com\/wp-content\/uploads\/2020\/12\/TRICI_5-1.jpg\"><span class=\"wpisset-es-banner2-img-desc\"><\/span><\/div><\/div><\/div><\/div><\/div><svg class=\"wpssiet-es-cs\"><style><\/style><\/svg>[\/vc_column][\/vc_row][vc_row][vc_column][vc_empty_space][\/vc_column][\/vc_row]<\/p>\n","protected":false},"excerpt":{"rendered":"<p>[vc_row][vc_column][\/vc_column][\/vc_row][vc_row][vc_column][\/vc_column][\/vc_row][vc_row][vc_column][vc_empty_space][\/vc_column][\/vc_row]<\/p>\n","protected":false},"author":1,"featured_media":0,"parent":0,"menu_order":0,"comment_status":"closed","ping_status":"closed","template":"","meta":{"_joinchat":[],"footnotes":""},"class_list":["post-1385","page","type-page","status-publish","hentry","wpisset-post"],"yoast_head":"<!-- This site is optimized with the Yoast SEO plugin v25.3.1 - https:\/\/yoast.com\/wordpress\/plugins\/seo\/ -->\r\n<title>Queso Chihuahua - Lacteos Trici<\/title>\r\n<meta name=\"robots\" content=\"index, follow, max-snippet:-1, max-image-preview:large, max-video-preview:-1\" \/>\r\n<link rel=\"canonical\" href=\"https:\/\/lacteostrici.com\/?page_id=1385\" \/>\r\n<meta property=\"og:locale\" content=\"es_ES\" \/>\r\n<meta property=\"og:type\" content=\"article\" \/>\r\n<meta property=\"og:title\" content=\"Queso Chihuahua - Lacteos Trici\" \/>\r\n<meta property=\"og:description\" content=\"[vc_row][vc_column][\/vc_column][\/vc_row][vc_row][vc_column][\/vc_column][\/vc_row][vc_row][vc_column][vc_empty_space][\/vc_column][\/vc_row]\" \/>\r\n<meta property=\"og:url\" content=\"https:\/\/lacteostrici.com\/?page_id=1385\" \/>\r\n<meta property=\"og:site_name\" content=\"Lacteos Trici\" \/>\r\n<meta property=\"article:modified_time\" content=\"2025-09-04T18:16:33+00:00\" \/>\r\n<meta name=\"twitter:card\" content=\"summary_large_image\" \/>\r\n<meta name=\"twitter:label1\" content=\"Tiempo de lectura\" \/>\n\t<meta name=\"twitter:data1\" content=\"1 minuto\" \/>\r\n<script type=\"application\/ld+json\" class=\"yoast-schema-graph\">{\"@context\":\"https:\/\/schema.org\",\"@graph\":[{\"@type\":\"WebPage\",\"@id\":\"https:\/\/lacteostrici.com\/?page_id=1385\",\"url\":\"https:\/\/lacteostrici.com\/?page_id=1385\",\"name\":\"Queso Chihuahua - Lacteos Trici\",\"isPartOf\":{\"@id\":\"https:\/\/lacteostrici.com\/#website\"},\"datePublished\":\"2020-12-24T19:05:21+00:00\",\"dateModified\":\"2025-09-04T18:16:33+00:00\",\"breadcrumb\":{\"@id\":\"https:\/\/lacteostrici.com\/?page_id=1385#breadcrumb\"},\"inLanguage\":\"es\",\"potentialAction\":[{\"@type\":\"ReadAction\",\"target\":[\"https:\/\/lacteostrici.com\/?page_id=1385\"]}]},{\"@type\":\"BreadcrumbList\",\"@id\":\"https:\/\/lacteostrici.com\/?page_id=1385#breadcrumb\",\"itemListElement\":[{\"@type\":\"ListItem\",\"position\":1,\"name\":\"Home\",\"item\":\"https:\/\/lacteostrici.com\/\"},{\"@type\":\"ListItem\",\"position\":2,\"name\":\"Queso Chihuahua\"}]},{\"@type\":\"WebSite\",\"@id\":\"https:\/\/lacteostrici.com\/#website\",\"url\":\"https:\/\/lacteostrici.com\/\",\"name\":\"Lacteos Trici\",\"description\":\"2021\",\"publisher\":{\"@id\":\"https:\/\/lacteostrici.com\/#organization\"},\"potentialAction\":[{\"@type\":\"SearchAction\",\"target\":{\"@type\":\"EntryPoint\",\"urlTemplate\":\"https:\/\/lacteostrici.com\/?s={search_term_string}\"},\"query-input\":{\"@type\":\"PropertyValueSpecification\",\"valueRequired\":true,\"valueName\":\"search_term_string\"}}],\"inLanguage\":\"es\"},{\"@type\":\"Organization\",\"@id\":\"https:\/\/lacteostrici.com\/#organization\",\"name\":\"Lacteos Trici\",\"url\":\"https:\/\/lacteostrici.com\/\",\"logo\":{\"@type\":\"ImageObject\",\"inLanguage\":\"es\",\"@id\":\"https:\/\/lacteostrici.com\/#\/schema\/logo\/image\/\",\"url\":\"https:\/\/lacteostrici.com\/wp-content\/uploads\/2020\/12\/cropped-trici-logo.jpg\",\"contentUrl\":\"https:\/\/lacteostrici.com\/wp-content\/uploads\/2020\/12\/cropped-trici-logo.jpg\",\"width\":498,\"height\":576,\"caption\":\"Lacteos Trici\"},\"image\":{\"@id\":\"https:\/\/lacteostrici.com\/#\/schema\/logo\/image\/\"}}]}<\/script>\r\n<!-- \/ Yoast SEO plugin. -->","yoast_head_json":{"title":"Queso Chihuahua - Lacteos Trici","robots":{"index":"index","follow":"follow","max-snippet":"max-snippet:-1","max-image-preview":"max-image-preview:large","max-video-preview":"max-video-preview:-1"},"canonical":"https:\/\/lacteostrici.com\/?page_id=1385","og_locale":"es_ES","og_type":"article","og_title":"Queso Chihuahua - Lacteos Trici","og_description":"[vc_row][vc_column][\/vc_column][\/vc_row][vc_row][vc_column][\/vc_column][\/vc_row][vc_row][vc_column][vc_empty_space][\/vc_column][\/vc_row]","og_url":"https:\/\/lacteostrici.com\/?page_id=1385","og_site_name":"Lacteos Trici","article_modified_time":"2025-09-04T18:16:33+00:00","twitter_card":"summary_large_image","twitter_misc":{"Tiempo de lectura":"1 minuto"},"schema":{"@context":"https:\/\/schema.org","@graph":[{"@type":"WebPage","@id":"https:\/\/lacteostrici.com\/?page_id=1385","url":"https:\/\/lacteostrici.com\/?page_id=1385","name":"Queso Chihuahua - Lacteos Trici","isPartOf":{"@id":"https:\/\/lacteostrici.com\/#website"},"datePublished":"2020-12-24T19:05:21+00:00","dateModified":"2025-09-04T18:16:33+00:00","breadcrumb":{"@id":"https:\/\/lacteostrici.com\/?page_id=1385#breadcrumb"},"inLanguage":"es","potentialAction":[{"@type":"ReadAction","target":["https:\/\/lacteostrici.com\/?page_id=1385"]}]},{"@type":"BreadcrumbList","@id":"https:\/\/lacteostrici.com\/?page_id=1385#breadcrumb","itemListElement":[{"@type":"ListItem","position":1,"name":"Home","item":"https:\/\/lacteostrici.com\/"},{"@type":"ListItem","position":2,"name":"Queso Chihuahua"}]},{"@type":"WebSite","@id":"https:\/\/lacteostrici.com\/#website","url":"https:\/\/lacteostrici.com\/","name":"Lacteos Trici","description":"2021","publisher":{"@id":"https:\/\/lacteostrici.com\/#organization"},"potentialAction":[{"@type":"SearchAction","target":{"@type":"EntryPoint","urlTemplate":"https:\/\/lacteostrici.com\/?s={search_term_string}"},"query-input":{"@type":"PropertyValueSpecification","valueRequired":true,"valueName":"search_term_string"}}],"inLanguage":"es"},{"@type":"Organization","@id":"https:\/\/lacteostrici.com\/#organization","name":"Lacteos Trici","url":"https:\/\/lacteostrici.com\/","logo":{"@type":"ImageObject","inLanguage":"es","@id":"https:\/\/lacteostrici.com\/#\/schema\/logo\/image\/","url":"https:\/\/lacteostrici.com\/wp-content\/uploads\/2020\/12\/cropped-trici-logo.jpg","contentUrl":"https:\/\/lacteostrici.com\/wp-content\/uploads\/2020\/12\/cropped-trici-logo.jpg","width":498,"height":576,"caption":"Lacteos Trici"},"image":{"@id":"https:\/\/lacteostrici.com\/#\/schema\/logo\/image\/"}}]}},"_links":{"self":[{"href":"https:\/\/lacteostrici.com\/index.php?rest_route=\/wp\/v2\/pages\/1385","targetHints":{"allow":["GET"]}}],"collection":[{"href":"https:\/\/lacteostrici.com\/index.php?rest_route=\/wp\/v2\/pages"}],"about":[{"href":"https:\/\/lacteostrici.com\/index.php?rest_route=\/wp\/v2\/types\/page"}],"author":[{"embeddable":true,"href":"https:\/\/lacteostrici.com\/index.php?rest_route=\/wp\/v2\/users\/1"}],"replies":[{"embeddable":true,"href":"https:\/\/lacteostrici.com\/index.php?rest_route=%2Fwp%2Fv2%2Fcomments&post=1385"}],"version-history":[{"count":6,"href":"https:\/\/lacteostrici.com\/index.php?rest_route=\/wp\/v2\/pages\/1385\/revisions"}],"predecessor-version":[{"id":1640,"href":"https:\/\/lacteostrici.com\/index.php?rest_route=\/wp\/v2\/pages\/1385\/revisions\/1640"}],"wp:attachment":[{"href":"https:\/\/lacteostrici.com\/index.php?rest_route=%2Fwp%2Fv2%2Fmedia&parent=1385"}],"curies":[{"name":"wp","href":"https:\/\/api.w.org\/{rel}","templated":true}]}}