{"id":1289,"date":"2020-06-11T04:49:18","date_gmt":"2020-06-11T04:49:18","guid":{"rendered":"http:\/\/meabhy-1006:8888\/?page_id=15"},"modified":"2020-12-28T18:03:10","modified_gmt":"2020-12-28T18:03:10","slug":"acercadenosotros","status":"publish","type":"page","link":"https:\/\/lacteostrici.com\/?page_id=1289","title":{"rendered":"Acerca de nosotros"},"content":{"rendered":"<p>[vc_row el_class=\u00bbwpb-alignwide-row\u00bb][vc_column]<div class=\"wpisset_es_banner6 wpisset_es_banner6-2051165111 vc_custom_1608748165125\" ><div class=\"wpisset-es-banner6\"><div class=\"wpisset-es-banner6-bg\"><div class=\"wpisset-es-banner6-imgs\"><img decoding=\"async\" alt=\"\" src=\"https:\/\/lacteostrici.com\/wp-content\/uploads\/2020\/12\/Panora\u0301micablack.jpg\"><\/div><\/div><div class=\"wpisset-es-banner6-container\"><div class=\"wpisset-es-banner6-title-wrap\"><div class=\"wpisset-es-banner6-title-holder\"><h1 class=\"wpisset-es-banner6-title\">Acerca de nosotros<\/h1><span class=\"wpisset-es-banner6-desc\">Hagamos calidad con higiene<\/span><\/div><\/div><\/div><a title=\"Acerca de nosotros\" href=\"https:\/\/www.youtube.com\/watch?v=9A3Dmx40kmA\" class=\"wpisset-es-banner6-label wpisset-es-banner6-video\"><span class=\"wpisset-es-banner6-label-chars-holder\"><span class=\"wpisset-es-banner6-label-chars\"><span class=\"wpisset-es-banner6-label-char\">C<\/span><span class=\"wpisset-es-banner6-label-char\">o<\/span><span class=\"wpisset-es-banner6-label-char\">n<\/span><span class=\"wpisset-es-banner6-label-char\">o<\/span><span class=\"wpisset-es-banner6-label-char\">c<\/span><span class=\"wpisset-es-banner6-label-char\">e<\/span><span class=\"wpisset-es-banner6-label-char\">r<\/span><span class=\"wpisset-es-banner6-label-char\"> <\/span><span class=\"wpisset-es-banner6-label-char\">m<\/span><span class=\"wpisset-es-banner6-label-char\">\u00e1<\/span><span class=\"wpisset-es-banner6-label-char\">s<\/span><span class=\"wpisset-es-banner6-label-char\"> <\/span><span class=\"wpisset-es-banner6-label-char\"> <\/span><span class=\"wpisset-es-banner6-label-char\">-<\/span><span class=\"wpisset-es-banner6-label-char\"> <\/span><span class=\"wpisset-es-banner6-label-char\"> <\/span><span class=\"wpisset-es-banner6-label-char\"> <\/span><span class=\"wpisset-es-banner6-label-char\">C<\/span><span class=\"wpisset-es-banner6-label-char\">o<\/span><span class=\"wpisset-es-banner6-label-char\">n<\/span><span class=\"wpisset-es-banner6-label-char\">o<\/span><span class=\"wpisset-es-banner6-label-char\">c<\/span><span class=\"wpisset-es-banner6-label-char\">e<\/span><span class=\"wpisset-es-banner6-label-char\">r<\/span><span class=\"wpisset-es-banner6-label-char\"> <\/span><span class=\"wpisset-es-banner6-label-char\">m<\/span><span class=\"wpisset-es-banner6-label-char\">\u00e1<\/span><span class=\"wpisset-es-banner6-label-char\">s<\/span><span class=\"wpisset-es-banner6-label-char\"> <\/span><span class=\"wpisset-es-banner6-label-char\"> <\/span><span class=\"wpisset-es-banner6-label-char\"> <\/span><span class=\"wpisset-es-banner6-label-char\">-<\/span><\/span><\/span><span class=\"wpisset-es-banner6-label-icon\"><img decoding=\"async\" alt=\"\" src=\"https:\/\/lacteostrici.com\/wp-content\/uploads\/2020\/06\/play-icon-banner6-1.png\"><\/span><\/a><\/div><\/div><svg class=\"wpssiet-es-cs\"><style>.wpisset_es_banner6-2051165111 .wpisset-es-banner6-desc{color:#ffffff;}.wpisset_es_banner6-2051165111 .wpisset-es-banner6-title{font-size:36px !important;}<\/style><\/svg>[\/vc_column][\/vc_row][vc_row][vc_column]<div class=\"wpisset_es_banner2 wpisset_es_banner2-1545361663\" ><div class=\"wpisset-es-banner2\"><div class=\"wpisset-es-banner2-left\"><div class=\"wpisset-es-banner2-header\"><h2 class=\"wpisset-es-banner2-header-title\">Acerca de nosotros<\/h2><span class=\"wpisset-es-banner2-header-desc\">M\u00e1s de 20 a\u00f1os de experiencia<\/span><\/div><div class=\"wpisset-es-banner2-content\"><p>L\u00e1cteos Trici es una empresa familiar dedicada a la elaboraci\u00f3n de quesos tradicionales.<\/p>\n<p>Gracias a la buena aceptaci\u00f3n de nuestros clientes y demanda de nuestros productos, nos hemos desarrollado y crecido, lo que se ve reflejado en la continua ampliaci\u00f3n y equipamiento de nuestra planta, la aplicaci\u00f3n de nuevas tecnolog\u00edas, una operaci\u00f3n m\u00e1s eficiente y la innovaci\u00f3n de productos.<\/p>\n<\/div><\/div><div class=\"wpisset-es-banner2-right\"><div class=\"wpisset-es-banner2-img\"><div class=\"wpisset-es-banner2-img-wrap\"><img decoding=\"async\" alt=\"\" src=\"https:\/\/lacteostrici.com\/wp-content\/uploads\/2020\/12\/Oficinas.jpg\"><span class=\"wpisset-es-banner2-img-desc\"><\/span><\/div><\/div><\/div><\/div><\/div><svg class=\"wpssiet-es-cs\"><style><\/style><\/svg>[vc_empty_space]<div class=\"wpisset_es_banner3 wpisset_es_banner3-931365782\" ><div class=\"wpisset-es-banner3\"><div class=\"wpisset-es-banner3-left\"><div class=\"wpisset-es-banner3-header\"><h2 class=\"wpisset-es-banner3-header-title\">Empresa Comprometida<\/h2><span class=\"wpisset-es-banner3-header-desc\"><span>Para L\u00e1cteos Trici el compromiso es asegurar a nuestros clientes que el producto final sea de su completa satisfacci\u00f3n.<\/span><\/span><\/div><\/div><div class=\"wpisset-es-banner3-right\"><div class=\"wpisset-es-banner3-right-container\"><div class=\"wpisset-es-banner3-right-content\"><span class=\"wpisset-es-banner3-right-title\">Siempre a tus \u00f3rdenes.<\/span><span class=\"wpisset-es-banner3-right-desc\"><span class=\"wpisset-es-banner3-right-desc-content\">Cuidamos que la materia prima sea de la mejor calidad y para ello realizamos los an\u00e1lisis que lo aseguren.<\/span><\/span><\/div><\/div><\/div><\/div><\/div><svg class=\"wpssiet-es-cs\"><style>.wpisset_es_banner3-931365782 .wpisset-es-banner3-right-container{background-image:url(&quot;https:\/\/lacteostrici.com\/wp-content\/uploads\/2020\/06\/banner3-container.jpg&quot;);}<\/style><\/svg>[vc_separator][\/vc_column][\/vc_row][vc_row css=\u00bb.vc_custom_1593593188814{margin-bottom: 6rem !important;background-position: 0 0 !important;background-repeat: repeat !important;}\u00bb el_class=\u00bbwpb-alignwide-row\u00bb][vc_column css=\u00bb.vc_custom_1593329557652{padding-top: 4rem !important;background-color: #ecf0f2 !important;}\u00bb el_class=\u00bbwpisset-wpb-column-grunge-border\u00bb][vc_row_inner][vc_column_inner width=\u00bb1\/4&#8243;][\/vc_column_inner][vc_column_inner width=\u00bb1\/2&#8243;]<div class=\"wpisset_es_header2 wpisset_es_header2-1628155819 vc_custom_1608751877942\" ><div class=\"wpisset-es-header2\"><h2 class=\"wpisset-es-header2-title\">Misi\u00f3n<\/h2><span class=\"wpisset-es-header2-desc\">Somos una empresa que se esfuerza para que los productos l\u00e1cteos elaborados sean la mejor propuesta en calidad y servicio, que cumpla y supere las expectativas de los clientes.<\/span><\/div><\/div><svg class=\"wpssiet-es-cs\"><style>.wpisset_es_header2-1628155819 .wpisset-es-header2-subtitle{color:#f61010;}.wpisset_es_header2-1628155819 .wpisset-es-header2:before{background:rgba(0,0,0,0.1);}.wpisset_es_header2-1628155819 .wpisset-es-header2:after{background:rgba(0,0,0,0.1);}.wpisset_es_header2-1628155819 .wpisset-es-header2-title:before{background:rgba(0,0,0,0.1);}.wpisset_es_header2-1628155819 .wpisset-es-header2-subtitle:before{background:rgba(0,0,0,0.1);}<\/style><\/svg><div class=\"wpisset_es_header2 wpisset_es_header2-1011850368 vc_custom_1608751935241\" ><div class=\"wpisset-es-header2\"><h2 class=\"wpisset-es-header2-title\">Visi\u00f3n<\/h2><span class=\"wpisset-es-header2-desc\">Ser una empresa organizada, tecnificada y en constante mejora que ofrezca la mejor propuesta en productos l\u00e1cteos de la regi\u00f3n.<\/span><\/div><\/div><svg class=\"wpssiet-es-cs\"><style>.wpisset_es_header2-1011850368 .wpisset-es-header2-subtitle{color:#f61010;}.wpisset_es_header2-1011850368 .wpisset-es-header2:before{background:rgba(0,0,0,0.1);}.wpisset_es_header2-1011850368 .wpisset-es-header2:after{background:rgba(0,0,0,0.1);}.wpisset_es_header2-1011850368 .wpisset-es-header2-title:before{background:rgba(0,0,0,0.1);}.wpisset_es_header2-1011850368 .wpisset-es-header2-subtitle:before{background:rgba(0,0,0,0.1);}<\/style><\/svg><div class=\"wpisset_es_header2 wpisset_es_header2-1784354133 vc_custom_1608752083120\" ><div class=\"wpisset-es-header2\"><h2 class=\"wpisset-es-header2-title\">Valores<\/h2><span class=\"wpisset-es-header2-desc\">En lacteos trici nuestros valores son: Compromiso,Calidad,Higiene y Mejora continua<\/span><\/div><\/div><svg class=\"wpssiet-es-cs\"><style>.wpisset_es_header2-1784354133 .wpisset-es-header2-subtitle{color:#f61010;}.wpisset_es_header2-1784354133 .wpisset-es-header2:before{background:rgba(0,0,0,0.1);}.wpisset_es_header2-1784354133 .wpisset-es-header2:after{background:rgba(0,0,0,0.1);}.wpisset_es_header2-1784354133 .wpisset-es-header2-title:before{background:rgba(0,0,0,0.1);}.wpisset_es_header2-1784354133 .wpisset-es-header2-subtitle:before{background:rgba(0,0,0,0.1);}<\/style><\/svg>[vc_single_image image=\u00bb1508&#8243; img_size=\u00bb100&#215;100&#8243; alignment=\u00bbcenter\u00bb][\/vc_column_inner][vc_column_inner width=\u00bb1\/4&#8243;][\/vc_column_inner][\/vc_row_inner][\/vc_column][\/vc_row][vc_row][vc_column][\/vc_column][\/vc_row]<\/p>\n","protected":false},"excerpt":{"rendered":"<p>[vc_row el_class=\u00bbwpb-alignwide-row\u00bb][vc_column][\/vc_column][\/vc_row][vc_row][vc_column][vc_empty_space][vc_separator][\/vc_column][\/vc_row][vc_row css=\u00bb.vc_custom_1593593188814{margin-bottom: 6rem !important;background-position: 0 0 !important;background-repeat: repeat !important;}\u00bb el_class=\u00bbwpb-alignwide-row\u00bb][vc_column css=\u00bb.vc_custom_1593329557652{padding-top: 4rem !important;background-color: #ecf0f2 !important;}\u00bb el_class=\u00bbwpisset-wpb-column-grunge-border\u00bb][vc_row_inner][vc_column_inner width=\u00bb1\/4&#8243;][\/vc_column_inner][vc_column_inner width=\u00bb1\/2&#8243;][vc_single_image image=\u00bb1508&#8243; img_size=\u00bb100&#215;100&#8243; alignment=\u00bbcenter\u00bb][\/vc_column_inner][vc_column_inner width=\u00bb1\/4&#8243;][\/vc_column_inner][\/vc_row_inner][\/vc_column][\/vc_row][vc_row][vc_column][\/vc_column][\/vc_row]<\/p>\n","protected":false},"author":1,"featured_media":0,"parent":0,"menu_order":0,"comment_status":"closed","ping_status":"closed","template":"","meta":{"_joinchat":[],"footnotes":""},"class_list":["post-1289","page","type-page","status-publish","hentry","wpisset-post"],"yoast_head":"<!-- This site is optimized with the Yoast SEO plugin v25.3.1 - https:\/\/yoast.com\/wordpress\/plugins\/seo\/ -->\r\n<title>Acerca de nosotros - Lacteos Trici<\/title>\r\n<meta name=\"robots\" content=\"index, follow, max-snippet:-1, max-image-preview:large, max-video-preview:-1\" \/>\r\n<link rel=\"canonical\" href=\"https:\/\/lacteostrici.com\/?page_id=1289\" \/>\r\n<meta property=\"og:locale\" content=\"es_ES\" \/>\r\n<meta property=\"og:type\" content=\"article\" \/>\r\n<meta property=\"og:title\" content=\"Acerca de nosotros - Lacteos Trici\" \/>\r\n<meta property=\"og:description\" content=\"[vc_row el_class=\u00bbwpb-alignwide-row\u00bb][vc_column][\/vc_column][\/vc_row][vc_row][vc_column][vc_empty_space][vc_separator][\/vc_column][\/vc_row][vc_row css=\u00bb.vc_custom_1593593188814{margin-bottom: 6rem !important;background-position: 0 0 !important;background-repeat: repeat !important;}\u00bb el_class=\u00bbwpb-alignwide-row\u00bb][vc_column css=\u00bb.vc_custom_1593329557652{padding-top: 4rem !important;background-color: #ecf0f2 !important;}\u00bb el_class=\u00bbwpisset-wpb-column-grunge-border\u00bb][vc_row_inner][vc_column_inner width=\u00bb1\/4&#8243;][\/vc_column_inner][vc_column_inner width=\u00bb1\/2&#8243;][vc_single_image image=\u00bb1508&#8243; img_size=\u00bb100&#215;100&#8243; alignment=\u00bbcenter\u00bb][\/vc_column_inner][vc_column_inner width=\u00bb1\/4&#8243;][\/vc_column_inner][\/vc_row_inner][\/vc_column][\/vc_row][vc_row][vc_column][\/vc_column][\/vc_row]\" \/>\r\n<meta property=\"og:url\" content=\"https:\/\/lacteostrici.com\/?page_id=1289\" \/>\r\n<meta property=\"og:site_name\" content=\"Lacteos Trici\" \/>\r\n<meta property=\"article:modified_time\" content=\"2020-12-28T18:03:10+00:00\" \/>\r\n<meta name=\"twitter:card\" content=\"summary_large_image\" \/>\r\n<meta name=\"twitter:label1\" content=\"Tiempo de lectura\" \/>\n\t<meta name=\"twitter:data1\" content=\"2 minutos\" \/>\r\n<script type=\"application\/ld+json\" class=\"yoast-schema-graph\">{\"@context\":\"https:\/\/schema.org\",\"@graph\":[{\"@type\":\"WebPage\",\"@id\":\"https:\/\/lacteostrici.com\/?page_id=1289\",\"url\":\"https:\/\/lacteostrici.com\/?page_id=1289\",\"name\":\"Acerca de nosotros - Lacteos Trici\",\"isPartOf\":{\"@id\":\"https:\/\/lacteostrici.com\/#website\"},\"datePublished\":\"2020-06-11T04:49:18+00:00\",\"dateModified\":\"2020-12-28T18:03:10+00:00\",\"breadcrumb\":{\"@id\":\"https:\/\/lacteostrici.com\/?page_id=1289#breadcrumb\"},\"inLanguage\":\"es\",\"potentialAction\":[{\"@type\":\"ReadAction\",\"target\":[\"https:\/\/lacteostrici.com\/?page_id=1289\"]}]},{\"@type\":\"BreadcrumbList\",\"@id\":\"https:\/\/lacteostrici.com\/?page_id=1289#breadcrumb\",\"itemListElement\":[{\"@type\":\"ListItem\",\"position\":1,\"name\":\"Home\",\"item\":\"https:\/\/lacteostrici.com\/\"},{\"@type\":\"ListItem\",\"position\":2,\"name\":\"Acerca de nosotros\"}]},{\"@type\":\"WebSite\",\"@id\":\"https:\/\/lacteostrici.com\/#website\",\"url\":\"https:\/\/lacteostrici.com\/\",\"name\":\"Lacteos Trici\",\"description\":\"2021\",\"publisher\":{\"@id\":\"https:\/\/lacteostrici.com\/#organization\"},\"potentialAction\":[{\"@type\":\"SearchAction\",\"target\":{\"@type\":\"EntryPoint\",\"urlTemplate\":\"https:\/\/lacteostrici.com\/?s={search_term_string}\"},\"query-input\":{\"@type\":\"PropertyValueSpecification\",\"valueRequired\":true,\"valueName\":\"search_term_string\"}}],\"inLanguage\":\"es\"},{\"@type\":\"Organization\",\"@id\":\"https:\/\/lacteostrici.com\/#organization\",\"name\":\"Lacteos Trici\",\"url\":\"https:\/\/lacteostrici.com\/\",\"logo\":{\"@type\":\"ImageObject\",\"inLanguage\":\"es\",\"@id\":\"https:\/\/lacteostrici.com\/#\/schema\/logo\/image\/\",\"url\":\"https:\/\/lacteostrici.com\/wp-content\/uploads\/2020\/12\/cropped-trici-logo.jpg\",\"contentUrl\":\"https:\/\/lacteostrici.com\/wp-content\/uploads\/2020\/12\/cropped-trici-logo.jpg\",\"width\":498,\"height\":576,\"caption\":\"Lacteos Trici\"},\"image\":{\"@id\":\"https:\/\/lacteostrici.com\/#\/schema\/logo\/image\/\"}}]}<\/script>\r\n<!-- \/ Yoast SEO plugin. -->","yoast_head_json":{"title":"Acerca de nosotros - Lacteos Trici","robots":{"index":"index","follow":"follow","max-snippet":"max-snippet:-1","max-image-preview":"max-image-preview:large","max-video-preview":"max-video-preview:-1"},"canonical":"https:\/\/lacteostrici.com\/?page_id=1289","og_locale":"es_ES","og_type":"article","og_title":"Acerca de nosotros - Lacteos Trici","og_description":"[vc_row el_class=\u00bbwpb-alignwide-row\u00bb][vc_column][\/vc_column][\/vc_row][vc_row][vc_column][vc_empty_space][vc_separator][\/vc_column][\/vc_row][vc_row css=\u00bb.vc_custom_1593593188814{margin-bottom: 6rem !important;background-position: 0 0 !important;background-repeat: repeat !important;}\u00bb el_class=\u00bbwpb-alignwide-row\u00bb][vc_column css=\u00bb.vc_custom_1593329557652{padding-top: 4rem !important;background-color: #ecf0f2 !important;}\u00bb el_class=\u00bbwpisset-wpb-column-grunge-border\u00bb][vc_row_inner][vc_column_inner width=\u00bb1\/4&#8243;][\/vc_column_inner][vc_column_inner width=\u00bb1\/2&#8243;][vc_single_image image=\u00bb1508&#8243; img_size=\u00bb100&#215;100&#8243; alignment=\u00bbcenter\u00bb][\/vc_column_inner][vc_column_inner width=\u00bb1\/4&#8243;][\/vc_column_inner][\/vc_row_inner][\/vc_column][\/vc_row][vc_row][vc_column][\/vc_column][\/vc_row]","og_url":"https:\/\/lacteostrici.com\/?page_id=1289","og_site_name":"Lacteos Trici","article_modified_time":"2020-12-28T18:03:10+00:00","twitter_card":"summary_large_image","twitter_misc":{"Tiempo de lectura":"2 minutos"},"schema":{"@context":"https:\/\/schema.org","@graph":[{"@type":"WebPage","@id":"https:\/\/lacteostrici.com\/?page_id=1289","url":"https:\/\/lacteostrici.com\/?page_id=1289","name":"Acerca de nosotros - Lacteos Trici","isPartOf":{"@id":"https:\/\/lacteostrici.com\/#website"},"datePublished":"2020-06-11T04:49:18+00:00","dateModified":"2020-12-28T18:03:10+00:00","breadcrumb":{"@id":"https:\/\/lacteostrici.com\/?page_id=1289#breadcrumb"},"inLanguage":"es","potentialAction":[{"@type":"ReadAction","target":["https:\/\/lacteostrici.com\/?page_id=1289"]}]},{"@type":"BreadcrumbList","@id":"https:\/\/lacteostrici.com\/?page_id=1289#breadcrumb","itemListElement":[{"@type":"ListItem","position":1,"name":"Home","item":"https:\/\/lacteostrici.com\/"},{"@type":"ListItem","position":2,"name":"Acerca de nosotros"}]},{"@type":"WebSite","@id":"https:\/\/lacteostrici.com\/#website","url":"https:\/\/lacteostrici.com\/","name":"Lacteos Trici","description":"2021","publisher":{"@id":"https:\/\/lacteostrici.com\/#organization"},"potentialAction":[{"@type":"SearchAction","target":{"@type":"EntryPoint","urlTemplate":"https:\/\/lacteostrici.com\/?s={search_term_string}"},"query-input":{"@type":"PropertyValueSpecification","valueRequired":true,"valueName":"search_term_string"}}],"inLanguage":"es"},{"@type":"Organization","@id":"https:\/\/lacteostrici.com\/#organization","name":"Lacteos Trici","url":"https:\/\/lacteostrici.com\/","logo":{"@type":"ImageObject","inLanguage":"es","@id":"https:\/\/lacteostrici.com\/#\/schema\/logo\/image\/","url":"https:\/\/lacteostrici.com\/wp-content\/uploads\/2020\/12\/cropped-trici-logo.jpg","contentUrl":"https:\/\/lacteostrici.com\/wp-content\/uploads\/2020\/12\/cropped-trici-logo.jpg","width":498,"height":576,"caption":"Lacteos Trici"},"image":{"@id":"https:\/\/lacteostrici.com\/#\/schema\/logo\/image\/"}}]}},"_links":{"self":[{"href":"https:\/\/lacteostrici.com\/index.php?rest_route=\/wp\/v2\/pages\/1289","targetHints":{"allow":["GET"]}}],"collection":[{"href":"https:\/\/lacteostrici.com\/index.php?rest_route=\/wp\/v2\/pages"}],"about":[{"href":"https:\/\/lacteostrici.com\/index.php?rest_route=\/wp\/v2\/types\/page"}],"author":[{"embeddable":true,"href":"https:\/\/lacteostrici.com\/index.php?rest_route=\/wp\/v2\/users\/1"}],"replies":[{"embeddable":true,"href":"https:\/\/lacteostrici.com\/index.php?rest_route=%2Fwp%2Fv2%2Fcomments&post=1289"}],"version-history":[{"count":24,"href":"https:\/\/lacteostrici.com\/index.php?rest_route=\/wp\/v2\/pages\/1289\/revisions"}],"predecessor-version":[{"id":1521,"href":"https:\/\/lacteostrici.com\/index.php?rest_route=\/wp\/v2\/pages\/1289\/revisions\/1521"}],"wp:attachment":[{"href":"https:\/\/lacteostrici.com\/index.php?rest_route=%2Fwp%2Fv2%2Fmedia&parent=1289"}],"curies":[{"name":"wp","href":"https:\/\/api.w.org\/{rel}","templated":true}]}}